{"id":3603,"date":"2021-10-15T15:13:10","date_gmt":"2021-10-15T15:13:10","guid":{"rendered":"https:\/\/realestateequitypanama.com\/la-patrona\/"},"modified":"2025-04-23T11:27:16","modified_gmt":"2025-04-23T11:27:16","slug":"la-patrona","status":"publish","type":"page","link":"https:\/\/realestateequitypanama.com\/en\/la-patrona\/","title":{"rendered":"la Patrona"},"content":{"rendered":"\t\t<div data-elementor-type=\"wp-post\" data-elementor-id=\"3603\" class=\"elementor elementor-3603\">\n\t\t\t\t\t\t\t\t\t<section class=\"elementor-section elementor-top-section elementor-element elementor-element-5cae306 elementor-section-boxed elementor-section-height-default elementor-section-height-default\" data-id=\"5cae306\" data-element_type=\"section\" data-settings=\"{&quot;background_background&quot;:&quot;classic&quot;}\">\n\t\t\t\t\t\t<div class=\"elementor-container elementor-column-gap-default\">\n\t\t\t\t\t<div class=\"elementor-column elementor-col-100 elementor-top-column elementor-element elementor-element-eab2216\" data-id=\"eab2216\" data-element_type=\"column\">\n\t\t\t<div class=\"elementor-widget-wrap elementor-element-populated\">\n\t\t\t\t\t\t\t\t<div class=\"elementor-element elementor-element-11e6246 elementor-widget elementor-widget-heading\" data-id=\"11e6246\" data-element_type=\"widget\" data-widget_type=\"heading.default\">\n\t\t\t\t<div class=\"elementor-widget-container\">\n\t\t\t<style>\/*! elementor - v3.18.0 - 20-12-2023 *\/\n.elementor-heading-title{padding:0;margin:0;line-height:1}.elementor-widget-heading .elementor-heading-title[class*=elementor-size-]>a{color:inherit;font-size:inherit;line-height:inherit}.elementor-widget-heading .elementor-heading-title.elementor-size-small{font-size:15px}.elementor-widget-heading .elementor-heading-title.elementor-size-medium{font-size:19px}.elementor-widget-heading .elementor-heading-title.elementor-size-large{font-size:29px}.elementor-widget-heading .elementor-heading-title.elementor-size-xl{font-size:39px}.elementor-widget-heading .elementor-heading-title.elementor-size-xxl{font-size:59px}<\/style><h4 class=\"elementor-heading-title elementor-size-default\">La Patrona - Monta\u00f1a en Ol\u00e1 - La Pava, Cocl\u00e9.<\/h4>\t\t<\/div>\n\t\t\t\t<\/div>\n\t\t\t\t\t<\/div>\n\t\t<\/div>\n\t\t\t\t\t\t\t<\/div>\n\t\t<\/section>\n\t\t\t\t<section class=\"elementor-section elementor-top-section elementor-element elementor-element-869dc7f elementor-section-boxed elementor-section-height-default elementor-section-height-default\" data-id=\"869dc7f\" data-element_type=\"section\">\n\t\t\t\t\t\t<div class=\"elementor-container elementor-column-gap-default\">\n\t\t\t\t\t<div class=\"elementor-column elementor-col-100 elementor-top-column elementor-element elementor-element-04e75f8\" data-id=\"04e75f8\" data-element_type=\"column\">\n\t\t\t<div class=\"elementor-widget-wrap elementor-element-populated\">\n\t\t\t\t\t\t\t\t<div class=\"elementor-element elementor-element-31981ff elementor-widget elementor-widget-heading\" data-id=\"31981ff\" data-element_type=\"widget\" data-widget_type=\"heading.default\">\n\t\t\t\t<div class=\"elementor-widget-container\">\n\t\t\t<h4 class=\"elementor-heading-title elementor-size-default\">Disponible para la explotaci\u00f3n minera de empresas conjuntas de minerales como el basalto y la zeolita potencial (en estudio)<\/h4>\t\t<\/div>\n\t\t\t\t<\/div>\n\t\t\t\t<section class=\"elementor-section elementor-inner-section elementor-element elementor-element-4de5992 elementor-section-boxed elementor-section-height-default elementor-section-height-default\" data-id=\"4de5992\" data-element_type=\"section\">\n\t\t\t\t\t\t<div class=\"elementor-container elementor-column-gap-default\">\n\t\t\t\t\t<div class=\"elementor-column elementor-col-33 elementor-inner-column elementor-element elementor-element-6298fa2\" data-id=\"6298fa2\" data-element_type=\"column\">\n\t\t\t<div class=\"elementor-widget-wrap elementor-element-populated\">\n\t\t\t\t\t\t\t\t<div class=\"elementor-element elementor-element-70dcabb elementor-widget elementor-widget-image\" data-id=\"70dcabb\" data-element_type=\"widget\" data-widget_type=\"image.default\">\n\t\t\t\t<div class=\"elementor-widget-container\">\n\t\t\t<style>\/*! elementor - v3.18.0 - 20-12-2023 *\/\n.elementor-widget-image{text-align:center}.elementor-widget-image a{display:inline-block}.elementor-widget-image a img[src$=\".svg\"]{width:48px}.elementor-widget-image img{vertical-align:middle;display:inline-block}<\/style>\t\t\t\t\t\t\t\t\t\t\t\t\t<a href=\"https:\/\/realestateequitypanama.com\/wp-content\/uploads\/2021\/11\/1329203438_IMG-20120214-00266.jpg\" data-elementor-open-lightbox=\"yes\" data-elementor-lightbox-title=\"1329203438_IMG-20120214-00266\" data-e-action-hash=\"#elementor-action%3Aaction%3Dlightbox%26settings%3DeyJpZCI6MzUyMywidXJsIjoiaHR0cHM6XC9cL3JlYWxlc3RhdGVlcXVpdHlwYW5hbWEuY29tXC93cC1jb250ZW50XC91cGxvYWRzXC8yMDIxXC8xMVwvMTMyOTIwMzQzOF9JTUctMjAxMjAyMTQtMDAyNjYuanBnIn0%3D\">\n\t\t\t\t\t\t\t<img fetchpriority=\"high\" decoding=\"async\" width=\"1024\" height=\"768\" src=\"https:\/\/realestateequitypanama.com\/wp-content\/uploads\/2021\/11\/1329203438_IMG-20120214-00266-1024x768.jpg\" class=\"attachment-large size-large wp-image-3523\" alt=\"\" srcset=\"https:\/\/realestateequitypanama.com\/wp-content\/uploads\/2021\/11\/1329203438_IMG-20120214-00266-1024x768.jpg 1024w, https:\/\/realestateequitypanama.com\/wp-content\/uploads\/2021\/11\/1329203438_IMG-20120214-00266-300x225.jpg 300w, https:\/\/realestateequitypanama.com\/wp-content\/uploads\/2021\/11\/1329203438_IMG-20120214-00266-768x576.jpg 768w, https:\/\/realestateequitypanama.com\/wp-content\/uploads\/2021\/11\/1329203438_IMG-20120214-00266.jpg 1280w\" sizes=\"(max-width: 1024px) 100vw, 1024px\" \/>\t\t\t\t\t\t\t\t<\/a>\n\t\t\t\t\t\t\t\t\t\t\t\t\t\t\t<\/div>\n\t\t\t\t<\/div>\n\t\t\t\t\t<\/div>\n\t\t<\/div>\n\t\t\t\t<div class=\"elementor-column elementor-col-33 elementor-inner-column elementor-element elementor-element-d7a3539\" data-id=\"d7a3539\" data-element_type=\"column\">\n\t\t\t<div class=\"elementor-widget-wrap elementor-element-populated\">\n\t\t\t\t\t\t\t\t<div class=\"elementor-element elementor-element-fb6ba45 elementor-widget elementor-widget-image\" data-id=\"fb6ba45\" data-element_type=\"widget\" data-widget_type=\"image.default\">\n\t\t\t\t<div class=\"elementor-widget-container\">\n\t\t\t\t\t\t\t\t\t\t\t\t\t\t\t\t<a href=\"https:\/\/realestateequitypanama.com\/wp-content\/uploads\/2021\/11\/1329185151_IMG-20120214-00259.jpg\" data-elementor-open-lightbox=\"yes\" data-elementor-lightbox-title=\"1329185151_IMG-20120214-00259\" data-e-action-hash=\"#elementor-action%3Aaction%3Dlightbox%26settings%3DeyJpZCI6MzUyMSwidXJsIjoiaHR0cHM6XC9cL3JlYWxlc3RhdGVlcXVpdHlwYW5hbWEuY29tXC93cC1jb250ZW50XC91cGxvYWRzXC8yMDIxXC8xMVwvMTMyOTE4NTE1MV9JTUctMjAxMjAyMTQtMDAyNTkuanBnIn0%3D\">\n\t\t\t\t\t\t\t<img decoding=\"async\" width=\"1024\" height=\"768\" src=\"https:\/\/realestateequitypanama.com\/wp-content\/uploads\/2021\/11\/1329185151_IMG-20120214-00259-1024x768.jpg\" class=\"attachment-large size-large wp-image-3521\" alt=\"\" srcset=\"https:\/\/realestateequitypanama.com\/wp-content\/uploads\/2021\/11\/1329185151_IMG-20120214-00259-1024x768.jpg 1024w, https:\/\/realestateequitypanama.com\/wp-content\/uploads\/2021\/11\/1329185151_IMG-20120214-00259-300x225.jpg 300w, https:\/\/realestateequitypanama.com\/wp-content\/uploads\/2021\/11\/1329185151_IMG-20120214-00259-768x576.jpg 768w, https:\/\/realestateequitypanama.com\/wp-content\/uploads\/2021\/11\/1329185151_IMG-20120214-00259.jpg 1280w\" sizes=\"(max-width: 1024px) 100vw, 1024px\" \/>\t\t\t\t\t\t\t\t<\/a>\n\t\t\t\t\t\t\t\t\t\t\t\t\t\t\t<\/div>\n\t\t\t\t<\/div>\n\t\t\t\t\t<\/div>\n\t\t<\/div>\n\t\t\t\t<div class=\"elementor-column elementor-col-33 elementor-inner-column elementor-element elementor-element-7fcb18a\" data-id=\"7fcb18a\" data-element_type=\"column\">\n\t\t\t<div class=\"elementor-widget-wrap elementor-element-populated\">\n\t\t\t\t\t\t\t\t<div class=\"elementor-element elementor-element-8407c7c elementor-widget elementor-widget-image\" data-id=\"8407c7c\" data-element_type=\"widget\" data-widget_type=\"image.default\">\n\t\t\t\t<div class=\"elementor-widget-container\">\n\t\t\t\t\t\t\t\t\t\t\t\t\t\t\t\t<a href=\"https:\/\/realestateequitypanama.com\/wp-content\/uploads\/2021\/11\/1329183326_IMG-20120214-00236.jpg\" data-elementor-open-lightbox=\"yes\" data-elementor-lightbox-title=\"1329183326_IMG-20120214-00236\" data-e-action-hash=\"#elementor-action%3Aaction%3Dlightbox%26settings%3DeyJpZCI6MzUxOSwidXJsIjoiaHR0cHM6XC9cL3JlYWxlc3RhdGVlcXVpdHlwYW5hbWEuY29tXC93cC1jb250ZW50XC91cGxvYWRzXC8yMDIxXC8xMVwvMTMyOTE4MzMyNl9JTUctMjAxMjAyMTQtMDAyMzYuanBnIn0%3D\">\n\t\t\t\t\t\t\t<img decoding=\"async\" width=\"1024\" height=\"768\" src=\"https:\/\/realestateequitypanama.com\/wp-content\/uploads\/2021\/11\/1329183326_IMG-20120214-00236-1024x768.jpg\" class=\"attachment-large size-large wp-image-3519\" alt=\"\" srcset=\"https:\/\/realestateequitypanama.com\/wp-content\/uploads\/2021\/11\/1329183326_IMG-20120214-00236-1024x768.jpg 1024w, https:\/\/realestateequitypanama.com\/wp-content\/uploads\/2021\/11\/1329183326_IMG-20120214-00236-300x225.jpg 300w, https:\/\/realestateequitypanama.com\/wp-content\/uploads\/2021\/11\/1329183326_IMG-20120214-00236-768x576.jpg 768w, https:\/\/realestateequitypanama.com\/wp-content\/uploads\/2021\/11\/1329183326_IMG-20120214-00236.jpg 1280w\" sizes=\"(max-width: 1024px) 100vw, 1024px\" \/>\t\t\t\t\t\t\t\t<\/a>\n\t\t\t\t\t\t\t\t\t\t\t\t\t\t\t<\/div>\n\t\t\t\t<\/div>\n\t\t\t\t\t<\/div>\n\t\t<\/div>\n\t\t\t\t\t\t\t<\/div>\n\t\t<\/section>\n\t\t\t\t<section class=\"elementor-section elementor-inner-section elementor-element elementor-element-89c931c elementor-section-boxed elementor-section-height-default elementor-section-height-default\" data-id=\"89c931c\" data-element_type=\"section\">\n\t\t\t\t\t\t<div class=\"elementor-container elementor-column-gap-default\">\n\t\t\t\t\t<div class=\"elementor-column elementor-col-100 elementor-inner-column elementor-element elementor-element-c3c1fd8\" data-id=\"c3c1fd8\" data-element_type=\"column\">\n\t\t\t<div class=\"elementor-widget-wrap elementor-element-populated\">\n\t\t\t\t\t\t\t\t<div class=\"elementor-element elementor-element-8a6c201 elementor-widget elementor-widget-heading\" data-id=\"8a6c201\" data-element_type=\"widget\" data-widget_type=\"heading.default\">\n\t\t\t\t<div class=\"elementor-widget-container\">\n\t\t\t<h2 class=\"elementor-heading-title elementor-size-default\">Caracter\u00edsticas de la propiedad<\/h2>\t\t<\/div>\n\t\t\t\t<\/div>\n\t\t\t\t<div class=\"elementor-element elementor-element-643650d elementor-widget-divider--view-line elementor-widget elementor-widget-divider\" data-id=\"643650d\" data-element_type=\"widget\" data-widget_type=\"divider.default\">\n\t\t\t\t<div class=\"elementor-widget-container\">\n\t\t\t<style>\/*! elementor - v3.18.0 - 20-12-2023 *\/\n.elementor-widget-divider{--divider-border-style:none;--divider-border-width:1px;--divider-color:#0c0d0e;--divider-icon-size:20px;--divider-element-spacing:10px;--divider-pattern-height:24px;--divider-pattern-size:20px;--divider-pattern-url:none;--divider-pattern-repeat:repeat-x}.elementor-widget-divider .elementor-divider{display:flex}.elementor-widget-divider .elementor-divider__text{font-size:15px;line-height:1;max-width:95%}.elementor-widget-divider .elementor-divider__element{margin:0 var(--divider-element-spacing);flex-shrink:0}.elementor-widget-divider .elementor-icon{font-size:var(--divider-icon-size)}.elementor-widget-divider .elementor-divider-separator{display:flex;margin:0;direction:ltr}.elementor-widget-divider--view-line_icon .elementor-divider-separator,.elementor-widget-divider--view-line_text .elementor-divider-separator{align-items:center}.elementor-widget-divider--view-line_icon .elementor-divider-separator:after,.elementor-widget-divider--view-line_icon .elementor-divider-separator:before,.elementor-widget-divider--view-line_text .elementor-divider-separator:after,.elementor-widget-divider--view-line_text .elementor-divider-separator:before{display:block;content:\"\";border-bottom:0;flex-grow:1;border-top:var(--divider-border-width) var(--divider-border-style) var(--divider-color)}.elementor-widget-divider--element-align-left .elementor-divider .elementor-divider-separator>.elementor-divider__svg:first-of-type{flex-grow:0;flex-shrink:100}.elementor-widget-divider--element-align-left .elementor-divider-separator:before{content:none}.elementor-widget-divider--element-align-left .elementor-divider__element{margin-left:0}.elementor-widget-divider--element-align-right .elementor-divider .elementor-divider-separator>.elementor-divider__svg:last-of-type{flex-grow:0;flex-shrink:100}.elementor-widget-divider--element-align-right .elementor-divider-separator:after{content:none}.elementor-widget-divider--element-align-right .elementor-divider__element{margin-right:0}.elementor-widget-divider:not(.elementor-widget-divider--view-line_text):not(.elementor-widget-divider--view-line_icon) .elementor-divider-separator{border-top:var(--divider-border-width) var(--divider-border-style) var(--divider-color)}.elementor-widget-divider--separator-type-pattern{--divider-border-style:none}.elementor-widget-divider--separator-type-pattern.elementor-widget-divider--view-line .elementor-divider-separator,.elementor-widget-divider--separator-type-pattern:not(.elementor-widget-divider--view-line) .elementor-divider-separator:after,.elementor-widget-divider--separator-type-pattern:not(.elementor-widget-divider--view-line) .elementor-divider-separator:before,.elementor-widget-divider--separator-type-pattern:not([class*=elementor-widget-divider--view]) .elementor-divider-separator{width:100%;min-height:var(--divider-pattern-height);-webkit-mask-size:var(--divider-pattern-size) 100%;mask-size:var(--divider-pattern-size) 100%;-webkit-mask-repeat:var(--divider-pattern-repeat);mask-repeat:var(--divider-pattern-repeat);background-color:var(--divider-color);-webkit-mask-image:var(--divider-pattern-url);mask-image:var(--divider-pattern-url)}.elementor-widget-divider--no-spacing{--divider-pattern-size:auto}.elementor-widget-divider--bg-round{--divider-pattern-repeat:round}.rtl .elementor-widget-divider .elementor-divider__text{direction:rtl}.e-con-inner>.elementor-widget-divider,.e-con>.elementor-widget-divider{width:var(--container-widget-width,100%);--flex-grow:var(--container-widget-flex-grow)}<\/style>\t\t<div class=\"elementor-divider\">\n\t\t\t<span class=\"elementor-divider-separator\">\n\t\t\t\t\t\t<\/span>\n\t\t<\/div>\n\t\t\t\t<\/div>\n\t\t\t\t<\/div>\n\t\t\t\t<div class=\"elementor-element elementor-element-efc9acf elementor-widget elementor-widget-text-editor\" data-id=\"efc9acf\" data-element_type=\"widget\" data-widget_type=\"text-editor.default\">\n\t\t\t\t<div class=\"elementor-widget-container\">\n\t\t\t<style>\/*! elementor - v3.18.0 - 20-12-2023 *\/\n.elementor-widget-text-editor.elementor-drop-cap-view-stacked .elementor-drop-cap{background-color:#69727d;color:#fff}.elementor-widget-text-editor.elementor-drop-cap-view-framed .elementor-drop-cap{color:#69727d;border:3px solid;background-color:transparent}.elementor-widget-text-editor:not(.elementor-drop-cap-view-default) .elementor-drop-cap{margin-top:8px}.elementor-widget-text-editor:not(.elementor-drop-cap-view-default) .elementor-drop-cap-letter{width:1em;height:1em}.elementor-widget-text-editor .elementor-drop-cap{float:left;text-align:center;line-height:1;font-size:50px}.elementor-widget-text-editor .elementor-drop-cap-letter{display:inline-block}<\/style>\t\t\t\t<p style=\"text-align: center;\">-Monta\u00f1a de 646 hect\u00e1reas ubicada en Ol\u00e1, La Pava, Cocl\u00e9.<br \/>&#8211; Parque e\u00f3lico en negociaci\u00f3n<br \/>&#8211; Dep\u00f3sitos minerales disponibles para el desarrollo de empresas conjuntas<br \/>&#8211; Basalto de alto grado confirmado<br \/>&#8211; Zeolita (Yacimiento de mayor grado, primero en Panam\u00e1) En espera de estudios de confirmaci\u00f3n<\/p>\t\t\t\t\t\t<\/div>\n\t\t\t\t<\/div>\n\t\t\t\t\t<\/div>\n\t\t<\/div>\n\t\t\t\t\t\t\t<\/div>\n\t\t<\/section>\n\t\t\t\t<section class=\"elementor-section elementor-inner-section elementor-element elementor-element-269bb1e elementor-section-boxed elementor-section-height-default elementor-section-height-default\" data-id=\"269bb1e\" data-element_type=\"section\">\n\t\t\t\t\t\t<div class=\"elementor-container elementor-column-gap-default\">\n\t\t\t\t\t<div class=\"elementor-column elementor-col-100 elementor-inner-column elementor-element elementor-element-71f27ea\" data-id=\"71f27ea\" data-element_type=\"column\">\n\t\t\t<div class=\"elementor-widget-wrap elementor-element-populated\">\n\t\t\t\t\t\t\t\t<div class=\"elementor-element elementor-element-47f11d5 elementor-widget elementor-widget-image\" data-id=\"47f11d5\" data-element_type=\"widget\" data-widget_type=\"image.default\">\n\t\t\t\t<div class=\"elementor-widget-container\">\n\t\t\t\t\t\t\t\t\t\t\t\t\t\t\t\t<a href=\"https:\/\/realestateequitypanama.com\/wp-content\/uploads\/2021\/10\/Imagen2.png\" data-elementor-open-lightbox=\"yes\" data-elementor-lightbox-title=\"Imagen2\" data-e-action-hash=\"#elementor-action%3Aaction%3Dlightbox%26settings%3DeyJpZCI6MjcxMSwidXJsIjoiaHR0cHM6XC9cL3JlYWxlc3RhdGVlcXVpdHlwYW5hbWEuY29tXC93cC1jb250ZW50XC91cGxvYWRzXC8yMDIxXC8xMFwvSW1hZ2VuMi5wbmcifQ%3D%3D\">\n\t\t\t\t\t\t\t<img loading=\"lazy\" decoding=\"async\" width=\"412\" height=\"530\" src=\"https:\/\/realestateequitypanama.com\/wp-content\/uploads\/2021\/10\/Imagen2.png\" class=\"elementor-animation-shrink attachment-1536x1536 size-1536x1536 wp-image-2711\" alt=\"\" srcset=\"https:\/\/realestateequitypanama.com\/wp-content\/uploads\/2021\/10\/Imagen2.png 412w, https:\/\/realestateequitypanama.com\/wp-content\/uploads\/2021\/10\/Imagen2-233x300.png 233w\" sizes=\"(max-width: 412px) 100vw, 412px\" \/>\t\t\t\t\t\t\t\t<\/a>\n\t\t\t\t\t\t\t\t\t\t\t\t\t\t\t<\/div>\n\t\t\t\t<\/div>\n\t\t\t\t\t<\/div>\n\t\t<\/div>\n\t\t\t\t\t\t\t<\/div>\n\t\t<\/section>\n\t\t\t\t\t<\/div>\n\t\t<\/div>\n\t\t\t\t\t\t\t<\/div>\n\t\t<\/section>\n\t\t\t\t\t\t\t<\/div>\n\t\t","protected":false},"excerpt":{"rendered":"<p>La Patrona &#8211; Monta\u00f1a en Ol\u00e1 &#8211; La Pava, Cocl\u00e9. Disponible para la explotaci\u00f3n minera de empresas conjuntas de minerales como el basalto y la zeolita potencial (en estudio) Caracter\u00edsticas de la propiedad -Monta\u00f1a de 646 hect\u00e1reas ubicada en Ol\u00e1, La Pava, Cocl\u00e9. &#8211; Parque e\u00f3lico en negociaci\u00f3n &#8211; Dep\u00f3sitos minerales disponibles para el desarrollo &hellip;<\/p>\n<p class=\"read-more\"> <a class=\"\" href=\"https:\/\/realestateequitypanama.com\/en\/la-patrona\/\"> <span class=\"screen-reader-text\">la Patrona<\/span> Read More &raquo;<\/a><\/p>\n","protected":false},"author":1,"featured_media":0,"parent":0,"menu_order":0,"comment_status":"closed","ping_status":"closed","template":"","meta":{"site-sidebar-layout":"no-sidebar","site-content-layout":"page-builder","ast-main-header-display":"","ast-hfb-above-header-display":"","ast-hfb-below-header-display":"","ast-hfb-mobile-header-display":"","site-post-title":"disabled","ast-breadcrumbs-content":"","ast-featured-img":"disabled","footer-sml-layout":"","theme-transparent-header-meta":"enabled","adv-header-id-meta":"","stick-header-meta":"","header-above-stick-meta":"","header-main-stick-meta":"","header-below-stick-meta":"","footnotes":""},"class_list":["post-3603","page","type-page","status-publish","hentry"],"_links":{"self":[{"href":"https:\/\/realestateequitypanama.com\/en\/wp-json\/wp\/v2\/pages\/3603","targetHints":{"allow":["GET"]}}],"collection":[{"href":"https:\/\/realestateequitypanama.com\/en\/wp-json\/wp\/v2\/pages"}],"about":[{"href":"https:\/\/realestateequitypanama.com\/en\/wp-json\/wp\/v2\/types\/page"}],"author":[{"embeddable":true,"href":"https:\/\/realestateequitypanama.com\/en\/wp-json\/wp\/v2\/users\/1"}],"replies":[{"embeddable":true,"href":"https:\/\/realestateequitypanama.com\/en\/wp-json\/wp\/v2\/comments?post=3603"}],"version-history":[{"count":19,"href":"https:\/\/realestateequitypanama.com\/en\/wp-json\/wp\/v2\/pages\/3603\/revisions"}],"predecessor-version":[{"id":4912,"href":"https:\/\/realestateequitypanama.com\/en\/wp-json\/wp\/v2\/pages\/3603\/revisions\/4912"}],"wp:attachment":[{"href":"https:\/\/realestateequitypanama.com\/en\/wp-json\/wp\/v2\/media?parent=3603"}],"curies":[{"name":"wp","href":"https:\/\/api.w.org\/{rel}","templated":true}]}}